{"id":11281,"date":"2023-09-23T16:54:27","date_gmt":"2023-09-23T16:54:27","guid":{"rendered":"https:\/\/svlms.com\/politica-sulla-riservatezza\/"},"modified":"2024-03-05T17:31:49","modified_gmt":"2024-03-05T17:31:49","slug":"politica-sulla-riservatezza","status":"publish","type":"page","link":"https:\/\/svlms.com\/es\/politica-sulla-riservatezza\/","title":{"rendered":"Pol\u00edtica de confidencialidad"},"content":{"rendered":"\t\t<div data-elementor-type=\"wp-page\" data-elementor-id=\"11281\" class=\"elementor elementor-11281\">\n\t\t\t\t\t\t<section class=\"elementor-section elementor-top-section elementor-element elementor-element-25895990 elementor-section-boxed elementor-section-height-default elementor-section-height-default\" data-id=\"25895990\" data-element_type=\"section\" data-e-type=\"section\">\n\t\t\t\t\t\t<div class=\"elementor-container elementor-column-gap-default\">\n\t\t\t\t\t<div class=\"elementor-column elementor-col-100 elementor-top-column elementor-element elementor-element-340f361f\" data-id=\"340f361f\" data-element_type=\"column\" data-e-type=\"column\">\n\t\t\t<div class=\"elementor-widget-wrap elementor-element-populated\">\n\t\t\t\t\t\t<div class=\"elementor-element elementor-element-7e77f0dd elementor-widget elementor-widget-text-editor\" data-id=\"7e77f0dd\" data-element_type=\"widget\" data-e-type=\"widget\" data-widget_type=\"text-editor.default\">\n\t\t\t\t<div class=\"elementor-widget-container\">\n\t\t\t\t\t\t\t\t\t<p>Fecha de vigencia: 27-02-2023<\/p><p>Su privacidad es importante para nosotros<br \/>Es pol\u00edtica de Scuola Video respetar su privacidad con respecto a cualquier informaci\u00f3n que podamos recopilar mientras opera nuestro sitio web. Esta Pol\u00edtica de Privacidad se aplica a svlms.com\/ (en adelante, \u201cnosotros\u201d, \u201cnosotros\u201d o \u201csvlms.com\/\u201d). Respetamos su privacidad y nos comprometemos a proteger la informaci\u00f3n de identificaci\u00f3n personal que pueda proporcionarnos a trav\u00e9s del sitio web. Hemos adoptado esta pol\u00edtica de privacidad (\u201cPol\u00edtica de Privacidad\u201d) para explicar qu\u00e9 informaci\u00f3n se puede recopilar en nuestro sitio web, c\u00f3mo usamos esta informaci\u00f3n y bajo qu\u00e9 circunstancias podemos revelar la informaci\u00f3n a terceros. Esta Pol\u00edtica de Privacidad se aplica \u00fanicamente a la informaci\u00f3n que recopilamos a trav\u00e9s del sitio web y no se aplica a nuestra recopilaci\u00f3n de informaci\u00f3n de otras fuentes.<\/p><p>Esta Pol\u00edtica de Privacidad, junto con los T\u00e9rminos de servicio publicados en nuestro sitio web, establecen las reglas y pol\u00edticas generales que rigen el uso de nuestro sitio web. Dependiendo de sus actividades al visitar nuestro sitio web, es posible que deba aceptar t\u00e9rminos de servicio adicionales.<\/p><p>Contenido<br \/>Haga clic a continuaci\u00f3n para saltar a cualquier secci\u00f3n de esta pol\u00edtica de privacidad.<\/p><p>Visitantes del sitio web<br \/>Informaci\u00f3n de identificaci\u00f3n personal<br \/>Seguridad<br \/>anuncios<br \/>Enlaces a sitios externos<br \/>Protecci\u00f3n de cierta informaci\u00f3n de identificaci\u00f3n personal<br \/>Galletas<br \/>Comercio electr\u00f3nico<br \/>Cambios en la pol\u00edtica de privacidad<br \/>Informaci\u00f3n de contacto y cr\u00e9dito<br \/>1. Visitantes del sitio web<br \/>Como la mayor\u00eda de los operadores de sitios web, Scuola Video recopila informaci\u00f3n de identificaci\u00f3n no personal del tipo que los navegadores y servidores web suelen poner a disposici\u00f3n, como el tipo de navegador, la preferencia de idioma, el sitio de referencia y la fecha y hora de cada solicitud de visitante. El prop\u00f3sito de Scuola Video al recopilar informaci\u00f3n de identificaci\u00f3n no personal es comprender mejor c\u00f3mo los visitantes de Scuola Video utilizan su sitio web. De vez en cuando, Scuola Video puede divulgar informaci\u00f3n de identificaci\u00f3n no personal en conjunto, por ejemplo, mediante la publicaci\u00f3n de un informe sobre las tendencias en el uso de su sitio web.<\/p><p>Scuola Video tambi\u00e9n recopila informaci\u00f3n potencialmente de identificaci\u00f3n personal, como direcciones de Protocolo de Internet (IP), de los usuarios que han iniciado sesi\u00f3n y de los usuarios que dejan comentarios en las publicaciones del blog https:\/\/svlms.com\/. Scuola Video solo divulga las direcciones IP de los usuarios y comentaristas que han iniciado sesi\u00f3n en las mismas circunstancias en las que utiliza y divulga informaci\u00f3n de identificaci\u00f3n personal como se describe a continuaci\u00f3n.<\/p><p>2. Informaci\u00f3n de identificaci\u00f3n personal<br \/>Ciertos visitantes de los sitios web de Scuola Video eligen interactuar con Scuola Video de maneras que requieren que Scuola Video recopile informaci\u00f3n de identificaci\u00f3n personal. La cantidad y el tipo de informaci\u00f3n que recopila Scuola Video depende de la naturaleza de la interacci\u00f3n. Por ejemplo, pedimos a los visitantes que dejan un comentario en https:\/\/svlms.com\/ que proporcionen un nombre de usuario y una direcci\u00f3n de correo electr\u00f3nico.<\/p><p>3. Seguridad<br \/>La seguridad de su informaci\u00f3n personal es importante para nosotros, pero recuerde que ning\u00fan m\u00e9todo de transmisi\u00f3n a trav\u00e9s de Internet o m\u00e9todo de almacenamiento electr\u00f3nico es 100% seguro. Si bien nos esforzamos por utilizar medios comercialmente aceptables para proteger su informaci\u00f3n personal, no podemos garantizar su seguridad absoluta.<\/p><p>4. Anuncios<br \/>Los anuncios que aparecen en nuestro sitio web pueden ser entregados a los usuarios por socios publicitarios, quienes pueden configurar cookies. Estas cookies permiten que el servidor de anuncios reconozca su computadora cada vez que le env\u00edan un anuncio en l\u00ednea para recopilar informaci\u00f3n sobre usted u otras personas que usan su computadora. Esta informaci\u00f3n permite a las redes publicitarias, entre otras cosas, ofrecer anuncios dirigidos que creen que ser\u00e1n de mayor inter\u00e9s para usted. Esta Pol\u00edtica de Privacidad cubre el uso de cookies por parte de Scuola Video y no cubre el uso de cookies por parte de ning\u00fan anunciante.<\/p><p>5. Enlaces a sitios externos<br \/>Nuestro Servicio puede contener enlaces a sitios externos que no son operados por nosotros. Si hace clic en un enlace de un tercero, ser\u00e1 dirigido al sitio de ese tercero. Le recomendamos encarecidamente que revise la Pol\u00edtica de privacidad y los t\u00e9rminos de servicio de cada sitio que visite.<\/p><p>No tenemos control ni asumimos ninguna responsabilidad por el contenido, las pol\u00edticas o pr\u00e1cticas de privacidad de sitios, productos o servicios de terceros.<\/p><p>6. Protecci\u00f3n de cierta informaci\u00f3n de identificaci\u00f3n personal<br \/>Scuola Video divulga informaci\u00f3n potencialmente de identificaci\u00f3n personal y de identificaci\u00f3n personal solo a aquellos de sus empleados, contratistas y organizaciones afiliadas que (i) necesitan conocer esa informaci\u00f3n para procesarla en nombre de Scuola Video o para proporcionar los servicios disponibles en el sitio web de Scuola Video. , y (ii) que han acordado no revelarlo a otros. Algunos de esos empleados, contratistas y organizaciones afiliadas pueden estar ubicados fuera de su pa\u00eds de origen; Al utilizar el sitio web de Scuola Video, usted acepta la transferencia de dicha informaci\u00f3n. Scuola Video no alquilar\u00e1 ni vender\u00e1 informaci\u00f3n potencialmente identificable y de identificaci\u00f3n personal a nadie. Adem\u00e1s de a sus empleados, contratistas y organizaciones afiliadas, como se describe anteriormente, Scuola Video divulga informaci\u00f3n potencialmente identificable personalmente.<\/p><p>e informaci\u00f3n de identificaci\u00f3n personal solo en respuesta a una citaci\u00f3n, orden judicial u otra solicitud gubernamental, o cuando Scuola Video cree de buena fe que la divulgaci\u00f3n es razonablemente necesaria para proteger la propiedad o los derechos de Scuola Video, terceros o el p\u00fablico en general.<\/p><p>Si es un usuario registrado de https:\/\/svlms.com\/ y ha proporcionado su direcci\u00f3n de correo electr\u00f3nico, Scuola Video puede ocasionalmente enviarle un correo electr\u00f3nico para informarle sobre nuevas funciones, solicitar su opini\u00f3n o simplemente mantenerlo actualizado. con lo que est\u00e1 pasando con Scuola Video y nuestros productos. Utilizamos principalmente nuestro blog para comunicar este tipo de informaci\u00f3n, por lo que esperamos mantener este tipo de correo electr\u00f3nico al m\u00ednimo. Si nos env\u00eda una solicitud (por ejemplo, a trav\u00e9s de un correo electr\u00f3nico de soporte o mediante uno de nuestros mecanismos de comentarios), nos reservamos el derecho de publicarla para ayudarnos a aclarar o responder a su solicitud o para ayudarnos a apoyar a otros usuarios. Scuola Video toma todas las medidas razonablemente necesarias para proteger contra el acceso no autorizado, uso, alteraci\u00f3n o destrucci\u00f3n de informaci\u00f3n potencialmente identificable y de identificaci\u00f3n personal.<\/p><p>7. Galletas<br \/>Para enriquecer y perfeccionar su experiencia en l\u00ednea, Scuola Video utiliza \u00abCookies\u00bb, tecnolog\u00edas y servicios similares proporcionados por otros para mostrar contenido personalizado, publicidad adecuada y almacenar sus preferencias en su computadora.<\/p><p>Una cookie es una cadena de informaci\u00f3n que un sitio web almacena en la computadora de un visitante y que el navegador del visitante proporciona al sitio web cada vez que el visitante regresa. Scuola Video utiliza cookies para ayudar a Scuola Video a identificar y rastrear a los visitantes, su uso de https:\/\/svlms.com\/ y sus preferencias de acceso al sitio web. Los visitantes de Scuola Video que no deseen que se coloquen cookies en sus computadoras deben configurar sus navegadores para que rechacen las cookies antes de utilizar los sitios web de Scuola Video, con el inconveniente de que ciertas caracter\u00edsticas de los sitios web de Scuola Video pueden no funcionar correctamente sin la ayuda de las cookies.<\/p><p>Al continuar navegando en nuestro sitio web sin cambiar la configuraci\u00f3n de cookies, por la presente reconoce y acepta el uso de cookies por parte de Scuola Video.<\/p><p>8. Comercio electr\u00f3nico<br \/>A quienes realizan transacciones con Scuola Video (al comprar servicios o productos de Scuola Video) se les solicita que proporcionen informaci\u00f3n adicional, incluida, seg\u00fan sea necesario, la informaci\u00f3n personal y financiera requerida para procesar esas transacciones. En cada caso, Scuola Video recopila dicha informaci\u00f3n solo en la medida en que sea necesaria o apropiada para cumplir el prop\u00f3sito de la interacci\u00f3n del visitante con Scuola Video. Scuola Video no divulga informaci\u00f3n de identificaci\u00f3n personal distinta a la que se describe a continuaci\u00f3n. Y los visitantes siempre pueden negarse a proporcionar informaci\u00f3n de identificaci\u00f3n personal, con la salvedad de que esto puede impedirles participar en determinadas actividades relacionadas con el sitio web.<\/p><p>9. Cambios en la pol\u00edtica de privacidad<br \/>Aunque es probable que la mayor\u00eda de los cambios sean menores, Scuola Video puede cambiar su Pol\u00edtica de Privacidad de vez en cuando, y a su exclusivo criterio. Scuola Video anima a los visitantes a consultar con frecuencia esta p\u00e1gina para detectar cambios en su Pol\u00edtica de Privacidad. Su uso continuado de este sitio despu\u00e9s de cualquier cambio en esta Pol\u00edtica de Privacidad constituir\u00e1 su aceptaci\u00f3n de dicho cambio.<\/p><p>10. Informaci\u00f3n de contacto y cr\u00e9dito<br \/>Esta pol\u00edtica de privacidad fue creada en el generador de pol\u00edticas de privacidad de privacidadterms.io. Si tiene alguna pregunta sobre nuestra Pol\u00edtica de Privacidad, comun\u00edquese con nosotros por correo electr\u00f3nico o por tel\u00e9fono.<\/p>\t\t\t\t\t\t\t\t<\/div>\n\t\t\t\t<\/div>\n\t\t\t\t\t<\/div>\n\t\t<\/div>\n\t\t\t\t\t<\/div>\n\t\t<\/section>\n\t\t\t\t<\/div>\n\t\t","protected":false},"excerpt":{"rendered":"<p>Fecha de vigencia: 27-02-2023 Su privacidad es importante para nosotrosEs pol\u00edtica de Scuola Video respetar su privacidad con<\/p>\n","protected":false},"author":1,"featured_media":0,"parent":0,"menu_order":0,"comment_status":"closed","ping_status":"open","template":"","meta":{"om_disable_all_campaigns":false,"_monsterinsights_skip_tracking":false,"_monsterinsights_sitenote_active":false,"_monsterinsights_sitenote_note":"","_monsterinsights_sitenote_category":0,"_uf_show_specific_survey":0,"_uf_disable_surveys":false,"_tutorstarter_page_metadata":[],"footnotes":""},"class_list":["post-11281","page","type-page","status-publish","hentry"],"_links":{"self":[{"href":"https:\/\/svlms.com\/es\/wp-json\/wp\/v2\/pages\/11281","targetHints":{"allow":["GET"]}}],"collection":[{"href":"https:\/\/svlms.com\/es\/wp-json\/wp\/v2\/pages"}],"about":[{"href":"https:\/\/svlms.com\/es\/wp-json\/wp\/v2\/types\/page"}],"author":[{"embeddable":true,"href":"https:\/\/svlms.com\/es\/wp-json\/wp\/v2\/users\/1"}],"replies":[{"embeddable":true,"href":"https:\/\/svlms.com\/es\/wp-json\/wp\/v2\/comments?post=11281"}],"version-history":[{"count":9,"href":"https:\/\/svlms.com\/es\/wp-json\/wp\/v2\/pages\/11281\/revisions"}],"predecessor-version":[{"id":13260,"href":"https:\/\/svlms.com\/es\/wp-json\/wp\/v2\/pages\/11281\/revisions\/13260"}],"wp:attachment":[{"href":"https:\/\/svlms.com\/es\/wp-json\/wp\/v2\/media?parent=11281"}],"curies":[{"name":"wp","href":"https:\/\/api.w.org\/{rel}","templated":true}]}}