{"id":12995,"date":"2023-09-16T13:01:19","date_gmt":"2023-09-16T13:01:19","guid":{"rendered":"https:\/\/svlms.com\/quiz-2-italian-spanish\/"},"modified":"2024-10-06T17:27:44","modified_gmt":"2024-10-06T17:27:44","slug":"quiz-2-italian-spanish","status":"publish","type":"page","link":"https:\/\/svlms.com\/es\/quiz-2-italian-spanish\/","title":{"rendered":"Lista de Quiz 4: Se\u00f1ales de peligro"},"content":{"rendered":"\n<p><strong>Licencia de Conducir Italiana A y B Curso Te\u00f3rico en Espa\u00f1ol-Italiano<\/strong><\/p>\n\n\n\n<p><strong>4- <\/strong><em><strong>Segnali di pericolo<\/strong><\/em> (Se\u00f1ales de peligro)<\/p>\n\n\n\n<p>Quiz 4 Ita-Spa<\/p>\n\n\n<a href=\"https:\/\/svlms.com\/wp-content\/uploads\/2022\/12\/2.-Quiz-Senales-de-peligro.pdf\" class=\"pdfemb-viewer\" style=\"\" data-width=\"max\" data-height=\"max\" data-toolbar=\"both\" data-toolbar-fixed=\"on\">2.-Quiz-Senales-de-peligro<\/a>\n\n\n<p><\/p>\n","protected":false},"excerpt":{"rendered":"<p>Licencia de Conducir Italiana A y B Curso Te\u00f3rico en Espa\u00f1ol-Italiano 4- Segnali di pericolo (Se\u00f1ales de peligro)<\/p>\n","protected":false},"author":150,"featured_media":0,"parent":0,"menu_order":0,"comment_status":"closed","ping_status":"closed","template":"","meta":{"om_disable_all_campaigns":false,"_monsterinsights_skip_tracking":false,"_monsterinsights_sitenote_active":false,"_monsterinsights_sitenote_note":"","_monsterinsights_sitenote_category":0,"_uf_show_specific_survey":0,"_uf_disable_surveys":false,"_tutorstarter_page_metadata":[],"footnotes":""},"class_list":["post-12995","page","type-page","status-publish","hentry"],"_links":{"self":[{"href":"https:\/\/svlms.com\/es\/wp-json\/wp\/v2\/pages\/12995","targetHints":{"allow":["GET"]}}],"collection":[{"href":"https:\/\/svlms.com\/es\/wp-json\/wp\/v2\/pages"}],"about":[{"href":"https:\/\/svlms.com\/es\/wp-json\/wp\/v2\/types\/page"}],"author":[{"embeddable":true,"href":"https:\/\/svlms.com\/es\/wp-json\/wp\/v2\/users\/150"}],"replies":[{"embeddable":true,"href":"https:\/\/svlms.com\/es\/wp-json\/wp\/v2\/comments?post=12995"}],"version-history":[{"count":5,"href":"https:\/\/svlms.com\/es\/wp-json\/wp\/v2\/pages\/12995\/revisions"}],"predecessor-version":[{"id":13664,"href":"https:\/\/svlms.com\/es\/wp-json\/wp\/v2\/pages\/12995\/revisions\/13664"}],"wp:attachment":[{"href":"https:\/\/svlms.com\/es\/wp-json\/wp\/v2\/media?parent=12995"}],"curies":[{"name":"wp","href":"https:\/\/api.w.org\/{rel}","templated":true}]}}